{"id":637,"date":"2026-01-04T15:57:02","date_gmt":"2026-01-04T15:57:02","guid":{"rendered":"https:\/\/aviation.occorp.ca\/about\/"},"modified":"2026-01-31T13:56:55","modified_gmt":"2026-01-31T13:56:55","slug":"about","status":"publish","type":"page","link":"https:\/\/aviation.occorp.ca\/en\/about\/","title":{"rendered":"About"},"content":{"rendered":"<div data-elementor-type=\"wp-page\" data-elementor-id=\"637\" class=\"elementor elementor-637\">\n\t\t\t\t<div class=\"elementor-element elementor-element-98a421e e-flex e-con-boxed e-con e-parent\" data-id=\"98a421e\" data-element_type=\"container\" data-e-type=\"container\" data-settings=\"{&quot;background_background&quot;:&quot;classic&quot;}\">\n\t\t\t\t\t<div class=\"e-con-inner\">\n\t\t<div class=\"elementor-element elementor-element-80d3247 e-con-full e-flex e-con e-child\" data-id=\"80d3247\" data-element_type=\"container\" data-e-type=\"container\">\n\t\t\t\t<div class=\"elementor-element elementor-element-3021605 elementor-widget elementor-widget-heading\" data-id=\"3021605\" data-element_type=\"widget\" data-e-type=\"widget\" data-widget_type=\"heading.default\">\n\t\t\t\t<div class=\"elementor-widget-container\">\n\t\t\t\t\t<h1 class=\"elementor-heading-title elementor-size-default\">About Us <\/h1>\t\t\t\t<\/div>\n\t\t\t\t<\/div>\n\t\t\t\t<\/div>\n\t\t\t\t\t<\/div>\n\t\t\t\t<\/div>\n\t\t<div class=\"elementor-element elementor-element-54757354 e-flex e-con-boxed e-con e-parent\" data-id=\"54757354\" data-element_type=\"container\" data-e-type=\"container\" data-settings=\"{&quot;background_background&quot;:&quot;classic&quot;}\">\n\t\t\t\t\t<div class=\"e-con-inner\">\n\t\t<div class=\"elementor-element elementor-element-2887efc e-con-full e-flex e-con e-child\" data-id=\"2887efc\" data-element_type=\"container\" data-e-type=\"container\">\n\t\t\t\t<div class=\"elementor-element elementor-element-292cb885 elementor-invisible elementor-widget elementor-widget-image\" data-id=\"292cb885\" data-element_type=\"widget\" data-e-type=\"widget\" data-settings=\"{&quot;_animation&quot;:&quot;fadeInLeft&quot;}\" data-widget_type=\"image.default\">\n\t\t\t\t<div class=\"elementor-widget-container\">\n\t\t\t\t\t\t\t\t\t\t\t\t\t\t\t<img fetchpriority=\"high\" decoding=\"async\" width=\"1499\" height=\"1000\" src=\"https:\/\/aviation.occorp.ca\/wp-content\/uploads\/2026\/01\/A-propos.jpg.jpeg\" class=\"elementor-animation-float attachment-full size-full wp-image-2370\" alt=\"oc aviation, oc corporation, flight schools, licensed private pilots.\" srcset=\"https:\/\/aviation.occorp.ca\/wp-content\/uploads\/2026\/01\/A-propos.jpg.jpeg 1499w, https:\/\/aviation.occorp.ca\/wp-content\/uploads\/2026\/01\/A-propos.jpg-300x200.jpeg 300w, https:\/\/aviation.occorp.ca\/wp-content\/uploads\/2026\/01\/A-propos.jpg-1024x683.jpeg 1024w, https:\/\/aviation.occorp.ca\/wp-content\/uploads\/2026\/01\/A-propos.jpg-768x512.jpeg 768w, https:\/\/aviation.occorp.ca\/wp-content\/uploads\/2026\/01\/A-propos.jpg-18x12.jpeg 18w\" sizes=\"(max-width: 1499px) 100vw, 1499px\" title=\"About\">\t\t\t\t\t\t\t\t\t\t\t\t\t\t\t<\/div>\n\t\t\t\t<\/div>\n\t\t\t\t<\/div>\n\t\t<div class=\"elementor-element elementor-element-61f8471a e-con-full e-flex elementor-invisible e-con e-child\" data-id=\"61f8471a\" data-element_type=\"container\" data-e-type=\"container\" data-settings=\"{&quot;animation&quot;:&quot;fadeInRight&quot;}\">\n\t\t\t\t<div class=\"elementor-element elementor-element-255f4a93 elementor-widget elementor-widget-heading\" data-id=\"255f4a93\" data-element_type=\"widget\" data-e-type=\"widget\" data-widget_type=\"heading.default\">\n\t\t\t\t<div class=\"elementor-widget-container\">\n\t\t\t\t\t<h6 class=\"elementor-heading-title elementor-size-default\">About Us <\/h6>\t\t\t\t<\/div>\n\t\t\t\t<\/div>\n\t\t\t\t<div class=\"elementor-element elementor-element-194827bf elementor-widget elementor-widget-heading\" data-id=\"194827bf\" data-element_type=\"widget\" data-e-type=\"widget\" data-widget_type=\"heading.default\">\n\t\t\t\t<div class=\"elementor-widget-container\">\n\t\t\t\t\t<h2 class=\"elementor-heading-title elementor-size-default\">The Most Reliable Aircraft Providers<\/h2>\t\t\t\t<\/div>\n\t\t\t\t<\/div>\n\t\t\t\t<div class=\"elementor-element elementor-element-6feaf58c elementor-widget elementor-widget-text-editor\" data-id=\"6feaf58c\" data-element_type=\"widget\" data-e-type=\"widget\" data-widget_type=\"text-editor.default\">\n\t\t\t\t<div class=\"elementor-widget-container\">\n\t\t\t\t\t\t\t\t\t<p>OC Aviation is dedicated to making flying more accessible for both flight schools and licensed private pilots.<\/p>\t\t\t\t\t\t\t\t<\/div>\n\t\t\t\t<\/div>\n\t\t\t\t<div class=\"elementor-element elementor-element-6f4f36ac elementor-widget elementor-widget-text-editor\" data-id=\"6f4f36ac\" data-element_type=\"widget\" data-e-type=\"widget\" data-widget_type=\"text-editor.default\">\n\t\t\t\t<div class=\"elementor-widget-container\">\n\t\t\t\t\t\t\t\t\t<p>OC Aviation brings together a team of general aviation enthusiasts who understand the operational realities of modern flight training organizations and aeroclubs. The mission is to provide reliable, well-maintained aircraft tailored to both training and leisure flying, while offering flexible financial solutions that fit different operating models.<\/p>\t\t\t\t\t\t\t\t<\/div>\n\t\t\t\t<\/div>\n\t\t\t\t<\/div>\n\t\t\t\t\t<\/div>\n\t\t\t\t<\/div>\n\t\t<div class=\"elementor-element elementor-element-6af7c9ed e-flex e-con-boxed e-con e-parent\" data-id=\"6af7c9ed\" data-element_type=\"container\" data-e-type=\"container\" data-settings=\"{&quot;background_background&quot;:&quot;classic&quot;}\">\n\t\t\t\t\t<div class=\"e-con-inner\">\n\t\t<div class=\"elementor-element elementor-element-31e506ad e-con-full animated-slow e-flex elementor-invisible e-con e-child\" data-id=\"31e506ad\" data-element_type=\"container\" data-e-type=\"container\" data-settings=\"{&quot;animation&quot;:&quot;fadeIn&quot;}\">\n\t\t\t\t<div class=\"elementor-element elementor-element-1ee69eac elementor-widget elementor-widget-heading\" data-id=\"1ee69eac\" data-element_type=\"widget\" data-e-type=\"widget\" data-widget_type=\"heading.default\">\n\t\t\t\t<div class=\"elementor-widget-container\">\n\t\t\t\t\t<h6 class=\"elementor-heading-title elementor-size-default\">What We Do<\/h6>\t\t\t\t<\/div>\n\t\t\t\t<\/div>\n\t\t\t\t<div class=\"elementor-element elementor-element-13a6f8b5 elementor-widget elementor-widget-heading\" data-id=\"13a6f8b5\" data-element_type=\"widget\" data-e-type=\"widget\" data-widget_type=\"heading.default\">\n\t\t\t\t<div class=\"elementor-widget-container\">\n\t\t\t\t\t<h2 class=\"elementor-heading-title elementor-size-default\">We Provide Reliable, Well-Maintained Aircraft Tailored to Both Training and Leisure Flying<\/h2>\t\t\t\t<\/div>\n\t\t\t\t<\/div>\n\t\t\t\t<\/div>\n\t\t\t\t\t<\/div>\n\t\t\t\t<\/div>\n\t\t<div class=\"elementor-element elementor-element-37f9f05 e-flex e-con-boxed e-con e-parent\" data-id=\"37f9f05\" data-element_type=\"container\" data-e-type=\"container\" data-settings=\"{&quot;background_background&quot;:&quot;classic&quot;}\">\n\t\t\t\t\t<div class=\"e-con-inner\">\n\t\t<div class=\"elementor-element elementor-element-cd7ffe9 e-con-full e-flex e-con e-child\" data-id=\"cd7ffe9\" data-element_type=\"container\" data-e-type=\"container\">\n\t\t\t\t<div class=\"elementor-element elementor-element-1d7537b elementor-widget elementor-widget-heading\" data-id=\"1d7537b\" data-element_type=\"widget\" data-e-type=\"widget\" data-widget_type=\"heading.default\">\n\t\t\t\t<div class=\"elementor-widget-container\">\n\t\t\t\t\t<h2 class=\"elementor-heading-title elementor-size-default\">Solutions For Flight Schools<\/h2>\t\t\t\t<\/div>\n\t\t\t\t<\/div>\n\t\t\t\t<div class=\"elementor-element elementor-element-9b37fe5 elementor-widget elementor-widget-text-editor\" data-id=\"9b37fe5\" data-element_type=\"widget\" data-e-type=\"widget\" data-widget_type=\"text-editor.default\">\n\t\t\t\t<div class=\"elementor-widget-container\">\n\t\t\t\t\t\t\t\t\t<p>For flight schools, OC Aviation offers aircraft leasing solutions designed to support program growth without tying up unnecessary capital. Lease options are structured for high-utilization environments and are suitable for primary and advanced training, including Private, Commercial, Night and Instrument ratings.<\/p>\t\t\t\t\t\t\t\t<\/div>\n\t\t\t\t<\/div>\n\t\t\t\t<\/div>\n\t\t<div class=\"elementor-element elementor-element-afab7c1 e-con-full e-flex e-con e-child\" data-id=\"afab7c1\" data-element_type=\"container\" data-e-type=\"container\">\n\t\t\t\t<div class=\"elementor-element elementor-element-43e381f elementor-widget elementor-widget-image\" data-id=\"43e381f\" data-element_type=\"widget\" data-e-type=\"widget\" data-widget_type=\"image.default\">\n\t\t\t\t<div class=\"elementor-widget-container\">\n\t\t\t\t\t\t\t\t\t\t\t\t\t\t\t<img decoding=\"async\" width=\"800\" height=\"533\" src=\"https:\/\/aviation.occorp.ca\/wp-content\/uploads\/2026\/01\/ChatGPT-Image-26-janv.-2026-00_24_26.jpg\" class=\"elementor-animation-float attachment-large size-large wp-image-2348\" alt=\"oc aviation, oc corporation, flight schools, licensed private pilots.\" srcset=\"https:\/\/aviation.occorp.ca\/wp-content\/uploads\/2026\/01\/ChatGPT-Image-26-janv.-2026-00_24_26.jpg 800w, https:\/\/aviation.occorp.ca\/wp-content\/uploads\/2026\/01\/ChatGPT-Image-26-janv.-2026-00_24_26-300x200.jpg 300w, https:\/\/aviation.occorp.ca\/wp-content\/uploads\/2026\/01\/ChatGPT-Image-26-janv.-2026-00_24_26-768x512.jpg 768w, https:\/\/aviation.occorp.ca\/wp-content\/uploads\/2026\/01\/ChatGPT-Image-26-janv.-2026-00_24_26-18x12.jpg 18w\" sizes=\"(max-width: 800px) 100vw, 800px\" title=\"About\">\t\t\t\t\t\t\t\t\t\t\t\t\t\t\t<\/div>\n\t\t\t\t<\/div>\n\t\t\t\t<\/div>\n\t\t\t\t\t<\/div>\n\t\t\t\t<\/div>\n\t\t<div class=\"elementor-element elementor-element-4f97942 e-flex e-con-boxed e-con e-parent\" data-id=\"4f97942\" data-element_type=\"container\" data-e-type=\"container\" data-settings=\"{&quot;background_background&quot;:&quot;classic&quot;}\">\n\t\t\t\t\t<div class=\"e-con-inner\">\n\t\t<div class=\"elementor-element elementor-element-48b14cf e-con-full e-flex e-con e-child\" data-id=\"48b14cf\" data-element_type=\"container\" data-e-type=\"container\">\n\t\t\t\t<div class=\"elementor-element elementor-element-1d3c3ad1 elementor-widget elementor-widget-image\" data-id=\"1d3c3ad1\" data-element_type=\"widget\" data-e-type=\"widget\" data-widget_type=\"image.default\">\n\t\t\t\t<div class=\"elementor-widget-container\">\n\t\t\t\t\t\t\t\t\t\t\t\t\t\t\t<img decoding=\"async\" width=\"1024\" height=\"682\" src=\"https:\/\/aviation.occorp.ca\/wp-content\/uploads\/2026\/01\/5744-1-1024x682.jpg\" class=\"elementor-animation-float attachment-large size-large wp-image-1359\" alt=\"oc aviation, oc corporation, flight schools, licensed private pilots.\" srcset=\"https:\/\/aviation.occorp.ca\/wp-content\/uploads\/2026\/01\/5744-1-1024x682.jpg 1024w, https:\/\/aviation.occorp.ca\/wp-content\/uploads\/2026\/01\/5744-1-300x200.jpg 300w, https:\/\/aviation.occorp.ca\/wp-content\/uploads\/2026\/01\/5744-1-768x512.jpg 768w, https:\/\/aviation.occorp.ca\/wp-content\/uploads\/2026\/01\/5744-1-1536x1024.jpg 1536w, https:\/\/aviation.occorp.ca\/wp-content\/uploads\/2026\/01\/5744-1.jpg 2000w\" sizes=\"(max-width: 1024px) 100vw, 1024px\" title=\"About\">\t\t\t\t\t\t\t\t\t\t\t\t\t\t\t<\/div>\n\t\t\t\t<\/div>\n\t\t\t\t<\/div>\n\t\t<div class=\"elementor-element elementor-element-7c799d8 e-con-full e-flex e-con e-child\" data-id=\"7c799d8\" data-element_type=\"container\" data-e-type=\"container\">\n\t\t\t\t<div class=\"elementor-element elementor-element-5504360 elementor-widget elementor-widget-heading\" data-id=\"5504360\" data-element_type=\"widget\" data-e-type=\"widget\" data-widget_type=\"heading.default\">\n\t\t\t\t<div class=\"elementor-widget-container\">\n\t\t\t\t\t<h2 class=\"elementor-heading-title elementor-size-default\">Aeroclub For Licensed Pilots<\/h2>\t\t\t\t<\/div>\n\t\t\t\t<\/div>\n\t\t\t\t<div class=\"elementor-element elementor-element-609ba31 elementor-widget elementor-widget-text-editor\" data-id=\"609ba31\" data-element_type=\"widget\" data-e-type=\"widget\" data-widget_type=\"text-editor.default\">\n\t\t\t\t<div class=\"elementor-widget-container\">\n\t\t\t\t\t\t\t\t\t<p>OC Aviation also operates as a flying club, giving licensed pilots the opportunity to rent aircraft by the hour in a structured, professional and welcoming environment. Members benefit from a well-maintained fleet, clear booking procedures and a community that promotes safety, experience sharing and continuous skills development.<\/p>\t\t\t\t\t\t\t\t<\/div>\n\t\t\t\t<\/div>\n\t\t\t\t<\/div>\n\t\t\t\t\t<\/div>\n\t\t\t\t<\/div>\n\t\t<div class=\"elementor-element elementor-element-2520ffc e-flex e-con-boxed e-con e-parent\" data-id=\"2520ffc\" data-element_type=\"container\" data-e-type=\"container\" data-settings=\"{&quot;background_background&quot;:&quot;classic&quot;}\">\n\t\t\t\t\t<div class=\"e-con-inner\">\n\t\t<div class=\"elementor-element elementor-element-45e5b73 e-con-full e-flex e-con e-child\" data-id=\"45e5b73\" data-element_type=\"container\" data-e-type=\"container\">\n\t\t\t\t<div class=\"elementor-element elementor-element-b1133d2 elementor-widget elementor-widget-heading\" data-id=\"b1133d2\" data-element_type=\"widget\" data-e-type=\"widget\" data-widget_type=\"heading.default\">\n\t\t\t\t<div class=\"elementor-widget-container\">\n\t\t\t\t\t<h2 class=\"elementor-heading-title elementor-size-default\">Commitment To Safety And Quality<\/h2>\t\t\t\t<\/div>\n\t\t\t\t<\/div>\n\t\t\t\t<div class=\"elementor-element elementor-element-50071e7 elementor-widget elementor-widget-text-editor\" data-id=\"50071e7\" data-element_type=\"widget\" data-e-type=\"widget\" data-widget_type=\"text-editor.default\">\n\t\t\t\t<div class=\"elementor-widget-container\">\n\t\t\t\t\t\t\t\t\t<p>OC Aviation\u2019s top priority is to offer aircraft maintained to high standards, working closely with approved maintenance organizations and trusted partners. This commitment to safety, quality and transparency allows flight schools and private pilots alike to focus on what matters most: training, flying and growing their passion for aviation.<\/p>\t\t\t\t\t\t\t\t<\/div>\n\t\t\t\t<\/div>\n\t\t\t\t<\/div>\n\t\t<div class=\"elementor-element elementor-element-dd5b8cc e-con-full e-flex e-con e-child\" data-id=\"dd5b8cc\" data-element_type=\"container\" data-e-type=\"container\">\n\t\t\t\t<div class=\"elementor-element elementor-element-781edb4 elementor-widget elementor-widget-image\" data-id=\"781edb4\" data-element_type=\"widget\" data-e-type=\"widget\" data-widget_type=\"image.default\">\n\t\t\t\t<div class=\"elementor-widget-container\">\n\t\t\t\t\t\t\t\t\t\t\t\t\t\t\t<img loading=\"lazy\" decoding=\"async\" width=\"800\" height=\"533\" src=\"https:\/\/aviation.occorp.ca\/wp-content\/uploads\/2026\/01\/ChatGPT-Image-26-janv.-2026-00_21_09.jpg\" class=\"elementor-animation-float attachment-large size-large wp-image-2349\" alt=\"oc aviation, oc corporation, flight schools, licensed private pilots.\" srcset=\"https:\/\/aviation.occorp.ca\/wp-content\/uploads\/2026\/01\/ChatGPT-Image-26-janv.-2026-00_21_09.jpg 800w, https:\/\/aviation.occorp.ca\/wp-content\/uploads\/2026\/01\/ChatGPT-Image-26-janv.-2026-00_21_09-300x200.jpg 300w, https:\/\/aviation.occorp.ca\/wp-content\/uploads\/2026\/01\/ChatGPT-Image-26-janv.-2026-00_21_09-768x512.jpg 768w, https:\/\/aviation.occorp.ca\/wp-content\/uploads\/2026\/01\/ChatGPT-Image-26-janv.-2026-00_21_09-18x12.jpg 18w\" sizes=\"(max-width: 800px) 100vw, 800px\" title=\"About\">\t\t\t\t\t\t\t\t\t\t\t\t\t\t\t<\/div>\n\t\t\t\t<\/div>\n\t\t\t\t<\/div>\n\t\t\t\t\t<\/div>\n\t\t\t\t<\/div>\n\t\t<div class=\"elementor-element elementor-element-6504e588 e-flex e-con-boxed e-con e-parent\" data-id=\"6504e588\" data-element_type=\"container\" data-e-type=\"container\" data-settings=\"{&quot;background_background&quot;:&quot;classic&quot;}\">\n\t\t\t\t\t<div class=\"e-con-inner\">\n\t\t<div class=\"elementor-element elementor-element-25568779 e-con-full e-flex elementor-invisible e-con e-child\" data-id=\"25568779\" data-element_type=\"container\" data-e-type=\"container\" data-settings=\"{&quot;animation&quot;:&quot;fadeInUp&quot;}\">\n\t\t\t\t<div class=\"elementor-element elementor-element-37c5e30d elementor-widget elementor-widget-heading\" data-id=\"37c5e30d\" data-element_type=\"widget\" data-e-type=\"widget\" data-widget_type=\"heading.default\">\n\t\t\t\t<div class=\"elementor-widget-container\">\n\t\t\t\t\t<h6 class=\"elementor-heading-title elementor-size-default\">We Are Dedicated To Making Flying More Accessible<\/h6>\t\t\t\t<\/div>\n\t\t\t\t<\/div>\n\t\t\t\t<div class=\"elementor-element elementor-element-2ed80957 elementor-widget elementor-widget-heading\" data-id=\"2ed80957\" data-element_type=\"widget\" data-e-type=\"widget\" data-widget_type=\"heading.default\">\n\t\t\t\t<div class=\"elementor-widget-container\">\n\t\t\t\t\t<h2 class=\"elementor-heading-title elementor-size-default\">We Provide Reliable, Well-Maintained Aircraft Tailored to Both Training and Leisure Flying<\/h2>\t\t\t\t<\/div>\n\t\t\t\t<\/div>\n\t\t\t\t<div class=\"elementor-element elementor-element-482bb602 elementor-align-center elementor-widget elementor-widget-button\" data-id=\"482bb602\" data-element_type=\"widget\" data-e-type=\"widget\" data-widget_type=\"button.default\">\n\t\t\t\t<div class=\"elementor-widget-container\">\n\t\t\t\t\t\t\t\t\t<div class=\"elementor-button-wrapper\">\n\t\t\t\t\t<a class=\"elementor-button elementor-button-link elementor-size-sm\" href=\"https:\/\/aviation.occorp.ca\/en\/contact-us\/\">\n\t\t\t\t\t\t<span class=\"elementor-button-content-wrapper\">\n\t\t\t\t\t\t<span class=\"elementor-button-icon\">\n\t\t\t\t<i aria-hidden=\"true\" class=\"fas fa-angle-double-right\"><\/i>\t\t\t<\/span>\n\t\t\t\t\t\t\t\t\t<span class=\"elementor-button-text\">Contact Us Now<\/span>\n\t\t\t\t\t<\/span>\n\t\t\t\t\t<\/a>\n\t\t\t\t<\/div>\n\t\t\t\t\t\t\t\t<\/div>\n\t\t\t\t<\/div>\n\t\t\t\t<\/div>\n\t\t\t\t\t<\/div>\n\t\t\t\t<\/div>\n\t\t\t\t<\/div>","protected":false},"excerpt":{"rendered":"<p>\u00c0 propos \u00c0 propos Le fournisseur d&rsquo;avions les plus fiables OC Aviation est une entreprise d\u00e9di\u00e9e \u00e0 rendre le vol plus accessible, tant pour les \u00e9coles de pilotage que pour les pilotes priv\u00e9s titulaires d\u2019une licence valide.\u200b OC Aviation regroupe une \u00e9quipe de passionn\u00e9s d\u2019aviation g\u00e9n\u00e9rale qui comprend les r\u00e9alit\u00e9s op\u00e9rationnelles des \u00e9coles de pilotage [&hellip;]<\/p>\n","protected":false},"author":1,"featured_media":0,"parent":0,"menu_order":0,"comment_status":"closed","ping_status":"closed","template":"","meta":{"site-sidebar-layout":"no-sidebar","site-content-layout":"page-builder","ast-site-content-layout":"full-width-container","site-content-style":"unboxed","site-sidebar-style":"unboxed","ast-global-header-display":"","ast-banner-title-visibility":"","ast-main-header-display":"","ast-hfb-above-header-display":"","ast-hfb-below-header-display":"","ast-hfb-mobile-header-display":"","site-post-title":"disabled","ast-breadcrumbs-content":"disabled","ast-featured-img":"disabled","footer-sml-layout":"","ast-disable-related-posts":"","theme-transparent-header-meta":"disabled","adv-header-id-meta":"","stick-header-meta":"","header-above-stick-meta":"","header-main-stick-meta":"","header-below-stick-meta":"","astra-migrate-meta-layouts":"set","ast-page-background-enabled":"default","ast-page-background-meta":{"desktop":{"background-color":"","background-image":"","background-repeat":"repeat","background-position":"center center","background-size":"auto","background-attachment":"scroll","background-type":"","background-media":"","overlay-type":"","overlay-color":"","overlay-opacity":"","overlay-gradient":""},"tablet":{"background-color":"","background-image":"","background-repeat":"repeat","background-position":"center center","background-size":"auto","background-attachment":"scroll","background-type":"","background-media":"","overlay-type":"","overlay-color":"","overlay-opacity":"","overlay-gradient":""},"mobile":{"background-color":"","background-image":"","background-repeat":"repeat","background-position":"center center","background-size":"auto","background-attachment":"scroll","background-type":"","background-media":"","overlay-type":"","overlay-color":"","overlay-opacity":"","overlay-gradient":""}},"ast-content-background-meta":{"desktop":{"background-color":"var(--ast-global-color-5)","background-image":"","background-repeat":"repeat","background-position":"center center","background-size":"auto","background-attachment":"scroll","background-type":"","background-media":"","overlay-type":"","overlay-color":"","overlay-opacity":"","overlay-gradient":""},"tablet":{"background-color":"var(--ast-global-color-5)","background-image":"","background-repeat":"repeat","background-position":"center center","background-size":"auto","background-attachment":"scroll","background-type":"","background-media":"","overlay-type":"","overlay-color":"","overlay-opacity":"","overlay-gradient":""},"mobile":{"background-color":"var(--ast-global-color-5)","background-image":"","background-repeat":"repeat","background-position":"center center","background-size":"auto","background-attachment":"scroll","background-type":"","background-media":"","overlay-type":"","overlay-color":"","overlay-opacity":"","overlay-gradient":""}},"footnotes":""},"class_list":["post-637","page","type-page","status-publish","hentry"],"_links":{"self":[{"href":"https:\/\/aviation.occorp.ca\/en\/wp-json\/wp\/v2\/pages\/637","targetHints":{"allow":["GET"]}}],"collection":[{"href":"https:\/\/aviation.occorp.ca\/en\/wp-json\/wp\/v2\/pages"}],"about":[{"href":"https:\/\/aviation.occorp.ca\/en\/wp-json\/wp\/v2\/types\/page"}],"author":[{"embeddable":true,"href":"https:\/\/aviation.occorp.ca\/en\/wp-json\/wp\/v2\/users\/1"}],"replies":[{"embeddable":true,"href":"https:\/\/aviation.occorp.ca\/en\/wp-json\/wp\/v2\/comments?post=637"}],"version-history":[{"count":100,"href":"https:\/\/aviation.occorp.ca\/en\/wp-json\/wp\/v2\/pages\/637\/revisions"}],"predecessor-version":[{"id":2618,"href":"https:\/\/aviation.occorp.ca\/en\/wp-json\/wp\/v2\/pages\/637\/revisions\/2618"}],"wp:attachment":[{"href":"https:\/\/aviation.occorp.ca\/en\/wp-json\/wp\/v2\/media?parent=637"}],"curies":[{"name":"wp","href":"https:\/\/api.w.org\/{rel}","templated":true}]}}